{"id":20872,"date":"2025-10-27T14:11:16","date_gmt":"2025-10-27T13:11:16","guid":{"rendered":"https:\/\/cfotr.be\/?page_id=20872"},"modified":"2025-10-27T16:30:21","modified_gmt":"2025-10-27T15:30:21","slug":"merci-pour-ta-demande","status":"publish","type":"page","link":"https:\/\/cfotr.be\/fr\/merci-pour-ta-demande\/","title":{"rendered":"Merci pour ta demande"},"content":{"rendered":"\t\t<div data-elementor-type=\"wp-page\" data-elementor-id=\"20872\" class=\"elementor elementor-20872 elementor-20871\" data-elementor-post-type=\"page\">\n\t\t\t\t<div class=\"elementor-element elementor-element-eb729b6 e-flex e-con-boxed e-con e-parent\" data-id=\"eb729b6\" data-element_type=\"container\" data-e-type=\"container\">\n\t\t\t\t\t<div class=\"e-con-inner\">\n\t\t\t\t<div class=\"elementor-element elementor-element-2f8936e elementor-widget elementor-widget-rt-title\" data-id=\"2f8936e\" data-element_type=\"widget\" data-e-type=\"widget\" data-widget_type=\"rt-title.default\">\n\t\t\t\t<div class=\"elementor-widget-container\">\n\t\t\t\t\t\n<div class=\"rt-owl-title-1 style2\">\n    <div class=\"section-title\">\n                    <h2 class=\"owl-title\">MERCI POUR <span class=\"gym-primary-color\">TA DEMANDE<\/span><\/h2>\n                            <div class=\"owl-description\">Ta semaine d'essai gratuite a bien \u00e9t\u00e9 demand\u00e9e. Je te contacterai prochainement.<\/div>\n            <\/div>\n<\/div>\t\t\t\t<\/div>\n\t\t\t\t<\/div>\n\t\t\t\t\t<\/div>\n\t\t\t\t<\/div>\n\t\t<div class=\"elementor-element elementor-element-dc5d8b2 e-flex e-con-boxed e-con e-parent\" data-id=\"dc5d8b2\" data-element_type=\"container\" data-e-type=\"container\">\n\t\t\t\t\t<div class=\"e-con-inner\">\n\t\t\t\t<div class=\"elementor-element elementor-element-62caf17 elementor-widget elementor-widget-rt-title\" data-id=\"62caf17\" data-element_type=\"widget\" data-e-type=\"widget\" data-widget_type=\"rt-title.default\">\n\t\t\t\t<div class=\"elementor-widget-container\">\n\t\t\t\t\t\n<div class=\"rt-owl-title-1 style2\">\n    <div class=\"section-title\">\n                    <h2 class=\"owl-title\">A QUOI PEUX-TU <span class=\"gym-primary-color\">T'ATTENDRE?<\/span><\/h2>\n                    <\/div>\n<\/div>\t\t\t\t<\/div>\n\t\t\t\t<\/div>\n\t\t\t\t\t<\/div>\n\t\t\t\t<\/div>\n\t\t<div class=\"elementor-element elementor-element-3794979 e-flex e-con-boxed e-con e-parent\" data-id=\"3794979\" data-element_type=\"container\" data-e-type=\"container\">\n\t\t\t\t\t<div class=\"e-con-inner\">\n\t\t\t\t<div class=\"elementor-element elementor-element-cc4ad31 elementor-icon-list--layout-traditional elementor-list-item-link-full_width elementor-widget elementor-widget-icon-list\" data-id=\"cc4ad31\" data-element_type=\"widget\" data-e-type=\"widget\" data-widget_type=\"icon-list.default\">\n\t\t\t\t<div class=\"elementor-widget-container\">\n\t\t\t\t\t\t\t<ul class=\"elementor-icon-list-items\">\n\t\t\t\t\t\t\t<li class=\"elementor-icon-list-item\">\n\t\t\t\t\t\t\t\t\t\t\t<span class=\"elementor-icon-list-icon\">\n\t\t\t\t\t\t\t<i aria-hidden=\"true\" class=\"fas fa-phone\"><\/i>\t\t\t\t\t\t<\/span>\n\t\t\t\t\t\t\t\t\t\t<span class=\"elementor-icon-list-text\">Je t'appellerai pour r\u00e9server ton\/tes premier(s) cours.<\/span>\n\t\t\t\t\t\t\t\t\t<\/li>\n\t\t\t\t\t\t\t\t<li class=\"elementor-icon-list-item\">\n\t\t\t\t\t\t\t\t\t\t\t<span class=\"elementor-icon-list-icon\">\n\t\t\t\t\t\t\t<i aria-hidden=\"true\" class=\"far fa-calendar-alt\"><\/i>\t\t\t\t\t\t<\/span>\n\t\t\t\t\t\t\t\t\t\t<span class=\"elementor-icon-list-text\">Ta semaine d'essai commence \u00e0 la date que tu choisis.<\/span>\n\t\t\t\t\t\t\t\t\t<\/li>\n\t\t\t\t\t\t\t\t<li class=\"elementor-icon-list-item\">\n\t\t\t\t\t\t\t\t\t\t\t<span class=\"elementor-icon-list-icon\">\n\t\t\t\t\t\t\t<i aria-hidden=\"true\" class=\"fas fa-users\"><\/i>\t\t\t\t\t\t<\/span>\n\t\t\t\t\t\t\t\t\t\t<span class=\"elementor-icon-list-text\">Notre \u00e9quipe est pr\u00eate \u00e0 te guider.<\/span>\n\t\t\t\t\t\t\t\t\t<\/li>\n\t\t\t\t\t\t\t\t<li class=\"elementor-icon-list-item\">\n\t\t\t\t\t\t\t\t\t\t\t<span class=\"elementor-icon-list-icon\">\n\t\t\t\t\t\t\t<i aria-hidden=\"true\" class=\"fas fa-pencil-alt\"><\/i>\t\t\t\t\t\t<\/span>\n\t\t\t\t\t\t\t\t\t\t<span class=\"elementor-icon-list-text\">Si tu d\u00e9cides de continuer, nous r\u00e8glerons l'abonnement ou la carte de s\u00e9ances avant ou apr\u00e8s ton dernier cours d'essai.<\/span>\n\t\t\t\t\t\t\t\t\t<\/li>\n\t\t\t\t\t\t\t\t<li class=\"elementor-icon-list-item\">\n\t\t\t\t\t\t\t\t\t\t\t<span class=\"elementor-icon-list-icon\">\n\t\t\t\t\t\t\t<i aria-hidden=\"true\" class=\"far fa-calendar-check\"><\/i>\t\t\t\t\t\t<\/span>\n\t\t\t\t\t\t\t\t\t\t<span class=\"elementor-icon-list-text\">Avec un abonnement ou carte de s\u00e9ances, tu as acc\u00e8s \u00e0 notre application pour r\u00e9server toi-m\u00eame tes cours.<\/span>\n\t\t\t\t\t\t\t\t\t<\/li>\n\t\t\t\t\t\t<\/ul>\n\t\t\t\t\t\t<\/div>\n\t\t\t\t<\/div>\n\t\t\t\t\t<\/div>\n\t\t\t\t<\/div>\n\t\t<div class=\"elementor-element elementor-element-e9f33e2 e-flex e-con-boxed e-con e-parent\" data-id=\"e9f33e2\" data-element_type=\"container\" data-e-type=\"container\">\n\t\t\t\t\t<div class=\"e-con-inner\">\n\t\t<div class=\"elementor-element elementor-element-f16a7e3 e-con-full e-flex e-con e-child\" data-id=\"f16a7e3\" data-element_type=\"container\" data-e-type=\"container\">\n\t\t\t\t<div class=\"elementor-element elementor-element-62d6d32 elementor-widget elementor-widget-image\" data-id=\"62d6d32\" data-element_type=\"widget\" data-e-type=\"widget\" data-widget_type=\"image.default\">\n\t\t\t\t<div class=\"elementor-widget-container\">\n\t\t\t\t\t\t\t\t\t\t\t\t\t\t\t<img fetchpriority=\"high\" decoding=\"async\" width=\"239\" height=\"300\" src=\"https:\/\/cfotr.be\/wp-content\/uploads\/2025\/02\/Carine-239x300.webp\" class=\"attachment-medium size-medium wp-image-17586\" alt=\"\" srcset=\"https:\/\/cfotr.be\/wp-content\/uploads\/2025\/02\/Carine-239x300.webp 239w, https:\/\/cfotr.be\/wp-content\/uploads\/2025\/02\/Carine.webp 491w\" sizes=\"(max-width: 239px) 100vw, 239px\" \/>\t\t\t\t\t\t\t\t\t\t\t\t\t\t\t<\/div>\n\t\t\t\t<\/div>\n\t\t\t\t<div class=\"elementor-element elementor-element-3dc7410 elementor-widget elementor-widget-text-editor\" data-id=\"3dc7410\" data-element_type=\"widget\" data-e-type=\"widget\" data-widget_type=\"text-editor.default\">\n\t\t\t\t<div class=\"elementor-widget-container\">\n\t\t\t\t\t\t\t\t\t<p>Carine Sermon<\/p>\t\t\t\t\t\t\t\t<\/div>\n\t\t\t\t<\/div>\n\t\t\t\t<\/div>\n\t\t<div class=\"elementor-element elementor-element-ef814be e-con-full e-flex e-con e-child\" data-id=\"ef814be\" data-element_type=\"container\" data-e-type=\"container\">\n\t\t\t\t<\/div>\n\t\t\t\t\t<\/div>\n\t\t\t\t<\/div>\n\t\t\t\t<\/div>\n\t\t","protected":false},"excerpt":{"rendered":"<p>MERCI POUR TA DEMANDE Ta semaine d&#8217;essai gratuite a bien \u00e9t\u00e9 demand\u00e9e. Je te contacterai prochainement. A QUOI PEUX-TU T&#8217;ATTENDRE? Je t&#8217;appellerai pour r\u00e9server ton\/tes premier(s) cours. Ta semaine d&#8217;essai commence \u00e0 la date que tu choisis. Notre \u00e9quipe est pr\u00eate \u00e0 te guider. Si tu d\u00e9cides de continuer, nous r\u00e8glerons l&#8217;abonnement ou la carte [&hellip;]<\/p>\n","protected":false},"author":2,"featured_media":0,"parent":0,"menu_order":0,"comment_status":"closed","ping_status":"closed","template":"elementor_header_footer","meta":{"_monsterinsights_skip_tracking":false,"_monsterinsights_sitenote_active":false,"_monsterinsights_sitenote_note":"","_monsterinsights_sitenote_category":0,"footnotes":""},"class_list":["post-20872","page","type-page","status-publish","hentry"],"yoast_head":"<!-- This site is optimized with the Yoast SEO plugin v27.3 - https:\/\/yoast.com\/product\/yoast-seo-wordpress\/ -->\n<title>Merci pour ta demande - The Wolves Hybrid Center<\/title>\n<meta name=\"description\" content=\"App\u00e8le-moi au 0476 39 50 10. C&#039;est le moyen le plus rapide et le plus simple de r\u00e9server vos premi\u00e8res le\u00e7ons d&#039;essai.\" \/>\n<meta name=\"robots\" content=\"index, follow, max-snippet:-1, max-image-preview:large, max-video-preview:-1\" \/>\n<link rel=\"canonical\" href=\"https:\/\/cfotr.be\/fr\/merci-pour-ta-demande\/\" \/>\n<meta property=\"og:locale\" content=\"fr_FR\" \/>\n<meta property=\"og:type\" content=\"article\" \/>\n<meta property=\"og:title\" content=\"Merci pour ta demande - The Wolves Hybrid Center\" \/>\n<meta property=\"og:description\" content=\"App\u00e8le-moi au 0476 39 50 10. C&#039;est le moyen le plus rapide et le plus simple de r\u00e9server vos premi\u00e8res le\u00e7ons d&#039;essai.\" \/>\n<meta property=\"og:url\" content=\"https:\/\/cfotr.be\/fr\/merci-pour-ta-demande\/\" \/>\n<meta property=\"og:site_name\" content=\"The Wolves Hybrid Center\" \/>\n<meta property=\"article:modified_time\" content=\"2025-10-27T15:30:21+00:00\" \/>\n<meta property=\"og:image\" content=\"https:\/\/cfotr.be\/wp-content\/uploads\/2025\/02\/Carine.webp\" \/>\n\t<meta property=\"og:image:width\" content=\"491\" \/>\n\t<meta property=\"og:image:height\" content=\"617\" \/>\n\t<meta property=\"og:image:type\" content=\"image\/webp\" \/>\n<meta name=\"twitter:card\" content=\"summary_large_image\" \/>\n<meta name=\"twitter:label1\" content=\"Dur\u00e9e de lecture estim\u00e9e\" \/>\n\t<meta name=\"twitter:data1\" content=\"1 minute\" \/>\n<script type=\"application\/ld+json\" class=\"yoast-schema-graph\">{\"@context\":\"https:\\\/\\\/schema.org\",\"@graph\":[{\"@type\":\"WebPage\",\"@id\":\"https:\\\/\\\/cfotr.be\\\/fr\\\/merci-pour-ta-demande\\\/\",\"url\":\"https:\\\/\\\/cfotr.be\\\/fr\\\/merci-pour-ta-demande\\\/\",\"name\":\"Merci pour ta demande - The Wolves Hybrid Center\",\"isPartOf\":{\"@id\":\"https:\\\/\\\/cfotr.be\\\/fr\\\/#website\"},\"primaryImageOfPage\":{\"@id\":\"https:\\\/\\\/cfotr.be\\\/fr\\\/merci-pour-ta-demande\\\/#primaryimage\"},\"image\":{\"@id\":\"https:\\\/\\\/cfotr.be\\\/fr\\\/merci-pour-ta-demande\\\/#primaryimage\"},\"thumbnailUrl\":\"https:\\\/\\\/cfotr.be\\\/wp-content\\\/uploads\\\/2025\\\/02\\\/Carine-239x300.webp\",\"datePublished\":\"2025-10-27T13:11:16+00:00\",\"dateModified\":\"2025-10-27T15:30:21+00:00\",\"description\":\"App\u00e8le-moi au 0476 39 50 10. C'est le moyen le plus rapide et le plus simple de r\u00e9server vos premi\u00e8res le\u00e7ons d'essai.\",\"breadcrumb\":{\"@id\":\"https:\\\/\\\/cfotr.be\\\/fr\\\/merci-pour-ta-demande\\\/#breadcrumb\"},\"inLanguage\":\"fr-FR\",\"potentialAction\":[{\"@type\":\"ReadAction\",\"target\":[\"https:\\\/\\\/cfotr.be\\\/fr\\\/merci-pour-ta-demande\\\/\"]}]},{\"@type\":\"ImageObject\",\"inLanguage\":\"fr-FR\",\"@id\":\"https:\\\/\\\/cfotr.be\\\/fr\\\/merci-pour-ta-demande\\\/#primaryimage\",\"url\":\"https:\\\/\\\/cfotr.be\\\/wp-content\\\/uploads\\\/2025\\\/02\\\/Carine-239x300.webp\",\"contentUrl\":\"https:\\\/\\\/cfotr.be\\\/wp-content\\\/uploads\\\/2025\\\/02\\\/Carine-239x300.webp\"},{\"@type\":\"BreadcrumbList\",\"@id\":\"https:\\\/\\\/cfotr.be\\\/fr\\\/merci-pour-ta-demande\\\/#breadcrumb\",\"itemListElement\":[{\"@type\":\"ListItem\",\"position\":1,\"name\":\"Home\",\"item\":\"https:\\\/\\\/cfotr.be\\\/fr\\\/\"},{\"@type\":\"ListItem\",\"position\":2,\"name\":\"Merci pour ta demande\"}]},{\"@type\":\"WebSite\",\"@id\":\"https:\\\/\\\/cfotr.be\\\/fr\\\/#website\",\"url\":\"https:\\\/\\\/cfotr.be\\\/fr\\\/\",\"name\":\"CFOTR\",\"description\":\"Stronger. Faster. Fitter.\",\"publisher\":{\"@id\":\"https:\\\/\\\/cfotr.be\\\/fr\\\/#organization\"},\"potentialAction\":[{\"@type\":\"SearchAction\",\"target\":{\"@type\":\"EntryPoint\",\"urlTemplate\":\"https:\\\/\\\/cfotr.be\\\/fr\\\/?s={search_term_string}\"},\"query-input\":{\"@type\":\"PropertyValueSpecification\",\"valueRequired\":true,\"valueName\":\"search_term_string\"}}],\"inLanguage\":\"fr-FR\"},{\"@type\":\"Organization\",\"@id\":\"https:\\\/\\\/cfotr.be\\\/fr\\\/#organization\",\"name\":\"CFOTR\",\"url\":\"https:\\\/\\\/cfotr.be\\\/fr\\\/\",\"logo\":{\"@type\":\"ImageObject\",\"inLanguage\":\"fr-FR\",\"@id\":\"https:\\\/\\\/cfotr.be\\\/fr\\\/#\\\/schema\\\/logo\\\/image\\\/\",\"url\":\"https:\\\/\\\/cfotr.be\\\/wp-content\\\/uploads\\\/2025\\\/02\\\/cropped-Picture1.gif\",\"contentUrl\":\"https:\\\/\\\/cfotr.be\\\/wp-content\\\/uploads\\\/2025\\\/02\\\/cropped-Picture1.gif\",\"width\":512,\"height\":512,\"caption\":\"CFOTR\"},\"image\":{\"@id\":\"https:\\\/\\\/cfotr.be\\\/fr\\\/#\\\/schema\\\/logo\\\/image\\\/\"}}]}<\/script>\n<!-- \/ Yoast SEO plugin. -->","yoast_head_json":{"title":"Merci pour ta demande - The Wolves Hybrid Center","description":"App\u00e8le-moi au 0476 39 50 10. C'est le moyen le plus rapide et le plus simple de r\u00e9server vos premi\u00e8res le\u00e7ons d'essai.","robots":{"index":"index","follow":"follow","max-snippet":"max-snippet:-1","max-image-preview":"max-image-preview:large","max-video-preview":"max-video-preview:-1"},"canonical":"https:\/\/cfotr.be\/fr\/merci-pour-ta-demande\/","og_locale":"fr_FR","og_type":"article","og_title":"Merci pour ta demande - The Wolves Hybrid Center","og_description":"App\u00e8le-moi au 0476 39 50 10. C'est le moyen le plus rapide et le plus simple de r\u00e9server vos premi\u00e8res le\u00e7ons d'essai.","og_url":"https:\/\/cfotr.be\/fr\/merci-pour-ta-demande\/","og_site_name":"The Wolves Hybrid Center","article_modified_time":"2025-10-27T15:30:21+00:00","og_image":[{"width":491,"height":617,"url":"https:\/\/cfotr.be\/wp-content\/uploads\/2025\/02\/Carine.webp","type":"image\/webp"}],"twitter_card":"summary_large_image","twitter_misc":{"Dur\u00e9e de lecture estim\u00e9e":"1 minute"},"schema":{"@context":"https:\/\/schema.org","@graph":[{"@type":"WebPage","@id":"https:\/\/cfotr.be\/fr\/merci-pour-ta-demande\/","url":"https:\/\/cfotr.be\/fr\/merci-pour-ta-demande\/","name":"Merci pour ta demande - The Wolves Hybrid Center","isPartOf":{"@id":"https:\/\/cfotr.be\/fr\/#website"},"primaryImageOfPage":{"@id":"https:\/\/cfotr.be\/fr\/merci-pour-ta-demande\/#primaryimage"},"image":{"@id":"https:\/\/cfotr.be\/fr\/merci-pour-ta-demande\/#primaryimage"},"thumbnailUrl":"https:\/\/cfotr.be\/wp-content\/uploads\/2025\/02\/Carine-239x300.webp","datePublished":"2025-10-27T13:11:16+00:00","dateModified":"2025-10-27T15:30:21+00:00","description":"App\u00e8le-moi au 0476 39 50 10. C'est le moyen le plus rapide et le plus simple de r\u00e9server vos premi\u00e8res le\u00e7ons d'essai.","breadcrumb":{"@id":"https:\/\/cfotr.be\/fr\/merci-pour-ta-demande\/#breadcrumb"},"inLanguage":"fr-FR","potentialAction":[{"@type":"ReadAction","target":["https:\/\/cfotr.be\/fr\/merci-pour-ta-demande\/"]}]},{"@type":"ImageObject","inLanguage":"fr-FR","@id":"https:\/\/cfotr.be\/fr\/merci-pour-ta-demande\/#primaryimage","url":"https:\/\/cfotr.be\/wp-content\/uploads\/2025\/02\/Carine-239x300.webp","contentUrl":"https:\/\/cfotr.be\/wp-content\/uploads\/2025\/02\/Carine-239x300.webp"},{"@type":"BreadcrumbList","@id":"https:\/\/cfotr.be\/fr\/merci-pour-ta-demande\/#breadcrumb","itemListElement":[{"@type":"ListItem","position":1,"name":"Home","item":"https:\/\/cfotr.be\/fr\/"},{"@type":"ListItem","position":2,"name":"Merci pour ta demande"}]},{"@type":"WebSite","@id":"https:\/\/cfotr.be\/fr\/#website","url":"https:\/\/cfotr.be\/fr\/","name":"CFOTR","description":"Stronger. Faster. Fitter.","publisher":{"@id":"https:\/\/cfotr.be\/fr\/#organization"},"potentialAction":[{"@type":"SearchAction","target":{"@type":"EntryPoint","urlTemplate":"https:\/\/cfotr.be\/fr\/?s={search_term_string}"},"query-input":{"@type":"PropertyValueSpecification","valueRequired":true,"valueName":"search_term_string"}}],"inLanguage":"fr-FR"},{"@type":"Organization","@id":"https:\/\/cfotr.be\/fr\/#organization","name":"CFOTR","url":"https:\/\/cfotr.be\/fr\/","logo":{"@type":"ImageObject","inLanguage":"fr-FR","@id":"https:\/\/cfotr.be\/fr\/#\/schema\/logo\/image\/","url":"https:\/\/cfotr.be\/wp-content\/uploads\/2025\/02\/cropped-Picture1.gif","contentUrl":"https:\/\/cfotr.be\/wp-content\/uploads\/2025\/02\/cropped-Picture1.gif","width":512,"height":512,"caption":"CFOTR"},"image":{"@id":"https:\/\/cfotr.be\/fr\/#\/schema\/logo\/image\/"}}]}},"_links":{"self":[{"href":"https:\/\/cfotr.be\/fr\/wp-json\/wp\/v2\/pages\/20872","targetHints":{"allow":["GET"]}}],"collection":[{"href":"https:\/\/cfotr.be\/fr\/wp-json\/wp\/v2\/pages"}],"about":[{"href":"https:\/\/cfotr.be\/fr\/wp-json\/wp\/v2\/types\/page"}],"author":[{"embeddable":true,"href":"https:\/\/cfotr.be\/fr\/wp-json\/wp\/v2\/users\/2"}],"replies":[{"embeddable":true,"href":"https:\/\/cfotr.be\/fr\/wp-json\/wp\/v2\/comments?post=20872"}],"version-history":[{"count":0,"href":"https:\/\/cfotr.be\/fr\/wp-json\/wp\/v2\/pages\/20872\/revisions"}],"wp:attachment":[{"href":"https:\/\/cfotr.be\/fr\/wp-json\/wp\/v2\/media?parent=20872"}],"curies":[{"name":"wp","href":"https:\/\/api.w.org\/{rel}","templated":true}]}}